{"id":255,"date":"2018-01-29T10:28:23","date_gmt":"2018-01-29T09:28:23","guid":{"rendered":"https:\/\/project.dke.maastrichtuniversity.nl\/cig2018\/?page_id=255"},"modified":"2018-09-03T21:30:01","modified_gmt":"2018-09-03T20:30:01","slug":"competitions","status":"publish","type":"page","link":"https:\/\/project.dke.maastrichtuniversity.nl\/cig2018\/competitions\/","title":{"rendered":"Competitions"},"content":{"rendered":"<p>The following competitions are being held at CIG 2018:<\/p>\n<ul>\n<li><a href=\"#short-video\">Short Video Competition<\/a><\/li>\n<li><a href=\"#hearthstone\">Hearthstone AI<\/a><\/li>\n<li><a href=\"#pacman\">The Ms. Pac-Man Vs Ghost Team Competition<\/a><\/li>\n<li><a href=\"#fighting\">Fighting Game AI Competition<\/a><\/li>\n<li><a href=\"#microRTS\">microRTS Competition<\/a><\/li>\n<li><a href=\"#hanabi\">Hanabi Competition<\/a><\/li>\n<li><a href=\"#starcraft\">StarCraft AI Competition<\/a><\/li>\n<li><a href=\"#gvgai\">The General Video Game AI Competition \u2013 Learning Track<\/a><\/li>\n<li><a href=\"#angrybirds\">3rd Angry Birds Level Generation Competition<\/a><\/li>\n<li><a href=\"#textbased\">The Text-Based Adventure AI Competition<\/a><\/li>\n<li><a href=\"#doom\">Visual Doom AI Competition 2018<\/a><\/li>\n<\/ul>\n<hr \/>\n<div id=\"short-video\">\n<p><strong>Computational Intelligence in Games &#8211; Short Video Competition<\/strong><\/p>\n<p><strong>Organizers: <\/strong><\/p>\n<ul>\n<li>Simon Lucas (Queen Mary University of London, UK; simon.lucas@qmul.ac.uk)<\/li>\n<li>Alexander Dockhorn (University of Magdeburg, Germany; (alexander.dockhorn@ovgu.de)<\/li>\n<li>and Jialin Liu (Southern University of Science and Technology, China; liujl@sustc.edu.cn)<\/li>\n<\/ul>\n<p><strong>Summary:<\/strong> The first IEEE CIS Short Video competition took place as one of the competitions for IEEE CIG 2018 in Maastricht on August 15<sup>th<\/sup>.\u00a0 The aim is to run these short video competitions in conjunction with all IEEE CIS sponsored conferences, as a way to provide source of interesting videos showcasing CI.<\/p>\n<p>The videos were presented in a plenary session, with the audience voting to deciding the ranking.\u00a0 \u00a0Congratulations to the winner, runners up and indeed all the entrants for their excellent videos.<\/p>\n<p><strong>Results:<\/strong><\/p>\n<p>The results were:<\/p>\n<ul>\n<li>(1<sup>st<\/sup> place) <em>Evolving Mario Levels in the Latent Space of a Deep Convolutional Generative Adversarial Network<\/em>, Vanessa Volz,\u00a0<a href=\"https:\/\/youtu.be\/NObqDuPuk7Q\"> https:\/\/youtu.be\/NObqDuPuk7Q<\/a><\/li>\n<li>(2<sup>nd<\/sup> place) <em>Automated Curriculum Learning by Rewarding Temporally Rare Events<\/em>, Niels Justesen and Sebastian Risi,<a href=\"https:\/\/youtu.be\/H6K0bOCCnQ8\">https:\/\/youtu.be\/H6K0bOCCnQ8<\/a><\/li>\n<li>(3<sup>rd<\/sup> place) <em>General Win Prediction: CIG 2018 Short Video Competition<\/em>, Raluca Gaina and Diego Perez-Liebana,<a href=\"https:\/\/youtu.be\/zq9zaEjspUY\">\u00a0https:\/\/youtu.be\/zq9zaEjspUY<\/a><\/li>\n<\/ul>\n<p>Other entries (no particular order)<\/p>\n<ul>\n<li><em>Coupled Empowerment Maximisation for Adaptive, Believable Game Characters<\/em>, Christian Guckelsberger, <a href=\"https:\/\/www.youtube.com\/watch?v=r0JYg3PRFV0&amp;\">https:\/\/www.youtube.com\/watch?v=r0JYg3PRFV0&amp;<\/a><\/li>\n<li><em>Overview on the shallow decision-making analysis in GVGAI<\/em>, Ivan Bravi, <a href=\"https:\/\/youtu.be\/8fUAkvJaxzI\">https:\/\/youtu.be\/8fUAkvJaxzI<\/a><\/li>\n<li><em>Tilt<\/em>, Giovanni Rubino, Simon Colton and Joan Casas-Roma, <a href=\"https:\/\/vimeo.com\/285266868\">https:\/\/vimeo.com\/285266868<\/a><\/li>\n<li><em>Reusability of Evolved MCTS Tree Policies for General Video Game Playing<\/em>, Ivan Bravi,<a href=\"https:\/\/youtu.be\/26qKn_jG7VQ\">https:\/\/youtu.be\/26qKn_jG7VQ<\/a><\/li>\n<li><em>Showcase of AI techniques in StarCraft<\/em>, Martin Rooijackers, <a href=\"https:\/\/youtu.be\/5guDwZf_txA\">https:\/\/youtu.be\/5guDwZf_txA<\/a><\/li>\n<\/ul>\n<\/div>\n<hr \/>\n<div id=\"hearthstone\">\n<p><strong>Hearthstone AI<\/strong><\/p>\n<p><strong>Organizers:<\/strong><\/p>\n<ul>\n<li>Alexander Dockhorn (University of Magdeburg, Germany; (alexander.dockhorn@ovgu.de)<\/li>\n<li>and Sanaz Mostaghim (University of Magdeburg, Germany; sanaz.mostaghim@ovgu.de)<\/li>\n<\/ul>\n<p><strong>Description:<\/strong> The collectible online card game Hearthstone features a rich testbed and poses unique demands for generating artificial intelligence agents. The game is a turn-based card game between two opponents, using constructed decks of thirty cards along with a selected hero with a unique power. Players use their limited mana crystals to cast spells or summon minions to attack their opponent, with the goal to reduce the opponent&#8217;s health to zero. The competition aims to promote the stepwise development of fully autonomous AI agents in the context of Hearthstone. During the game, both players need to play the best combination of hand cards, while facing a large amount of uncertainty. The upcoming card draw, the opponent\u2019s hand cards, as well as some hidden effects played by the opponent can influence the player\u2019s next move and its succeeding rounds. Predicting the opponent\u2019s deck from previously seen cards, and estimating the chances of getting cards of the own deck can help in finding the best cards to be played. Card playing order, their effects, as well as attack targets have a large influence on the player\u2019s chances of winning the game. Despite using premade decks players face the opportunity of creating a deck of 30 cards from the over 1000 available in the current game. Most of them providing unique effects and card synergies that can help in developing combos. Generating a strong deck is a step in consistently winning against a diverse set of opponents. Tracks: The competition will encourage submissions to the following two separate tracks, which will be available in the first year of this competition: Premade Deck Playing\u201d-track: the participants will receive a list of decks and play out all combinations against each other. Determining and using the characteristics of player\u2019s and the opponent\u2019s deck to the player\u2019s advantage will help in winning the game. User Created Deck Playing-track: invites all participants in creating their own decks or choosing from the vast amount of decks available online. Finding a deck that can consistently beat a vast amount of other decks will play a key role in this competition track. Additionally, it gives the participants the chance in optimizing the agents\u2019 strategy to the characteristics of their chosen deck.<\/p>\n<p><strong>Competition Webpage: <a href=\"http:\/\/www.is.ovgu.de\/Research\/HearthstoneAI.html\">http:\/\/www.is.ovgu.de\/Research\/HearthstoneAI.html<\/a><br \/>\nCompetition Entry Deadline: July15th 2018 23:59 UTC-12<br \/>\n<\/strong><\/p>\n<p><iframe loading=\"lazy\" src=\"https:\/\/www.youtube.com\/embed\/cgKqBVVD8zU\" width=\"1265\" height=\"800\" frameborder=\"0\" allowfullscreen=\"allowfullscreen\"><\/iframe><\/p>\n<\/div>\n<hr \/>\n<div id=\"pacman\">\n<p><strong>The Ms. Pac-Man Vs Ghost Team Competition\u00a0<\/strong><\/p>\n<p><strong>Organizers:<\/strong><\/p>\n<ul>\n<li>Piers Williams (University of Essex, UK; pwillic@essex.ac.uk),<\/li>\n<li>Simon M Lucas (Queen Mary University of London, UK; simon.lucas@qmul.ac.uk)<\/li>\n<li>and Diego Perez-Liebana (Queen Mary University of London, UK; diego.perez@qmul.ac.uk)<\/li>\n<\/ul>\n<p><strong>Description:<\/strong> The aim of this competition is to investigate co-operation in a fairly complex environment. This competition is a revival of the previous Ms Pac-Man versus Ghost Team competition that ran for many successful years. The previous two competition tracks are being altered into two different tracks. The first track in the new competition will ask competitors to submit controllers for Ms Pac-Man operating under a Partial Observability constraint. The second track will ask competitors to submit 4 controllers to control a ghost each under Partial Observability constraints. The game will enable controlled communication to allow co-operation without dictatorship control. Adding Partial Observability to the game forces the ghosts to co-operate and communicate in order to reach their full potential against Ms Pac-Man.<\/p>\n<p><strong>Tracks: Two tracks are available:<br \/>\n1-track: Ms. Pac-Man Track<br \/>\n2-track: Ghost Team Track<br \/>\nCompetition Webpage: <a href=\"http:\/\/www.pacmanvghosts.co.uk\">http:\/\/www.pacmanvghosts.co.uk<\/a><\/strong><\/p>\n<p><iframe loading=\"lazy\" src=\"https:\/\/www.youtube.com\/embed\/Omzi8dpOApc\" width=\"1265\" height=\"800\" frameborder=\"0\" allowfullscreen=\"allowfullscreen\"><\/iframe><\/p>\n<\/div>\n<hr \/>\n<div id=\"fighting\">\n<p><strong>Fighting Game AI Competition<\/strong><\/p>\n<p><strong>Organizers:<\/strong><\/p>\n<ul>\n<li>Ruck Thawonmas (Ritsumeikan University, Japan; ruck@ci.ritsumei.ac.jp)<\/li>\n<\/ul>\n<p><strong>Description:<\/strong> What are promising techniques to develop fighting-game AIs whose performances are robust against a variety of settings? As the platform, Java-based FightingICE is used that also supports Python programming and development of visual-based AIs. Two leagues (Standard and Speedrunning) are associated to each of the three character types: Zen, Garnet, and Lud (data unknown in advance). Standard League considers the winner of a round as the one with the HP above zero at the time its opponent (another entry AI)\u2019s HP has reached zero. In Speedrunning League, the league winner of a given character type is the AI with the shortest average time to beat our sample MCTS AI. The competition winner is decided based on the 2015 Formula-1 scoring system.<\/p>\n<p><strong>Competition Webpage: <a href=\"http:\/\/www.ice.ci.ritsumei.ac.jp\/~ftgaic\/\">http:\/\/www.ice.ci.ritsumei.ac.jp\/~ftgaic\/<\/a><br \/>\n<\/strong><\/p>\n<p><iframe loading=\"lazy\" src=\"https:\/\/www.youtube.com\/embed\/40ABh5yKJVE\" width=\"1265\" height=\"800\" frameborder=\"0\" allowfullscreen=\"allowfullscreen\"><\/iframe><\/p>\n<\/div>\n<hr \/>\n<div id=\"microRTS\"><strong>microRTS Competition<\/strong><br \/>\n<strong><br \/>\nOrganizers:<\/strong><\/p>\n<ul>\n<li>Santiago Onta\u00f1on (Drexel University, US; so367@drexel.edu)<\/li>\n<\/ul>\n<p><strong>Description: <\/strong>The microRTS competition has been created to motivate research in the basic research questions underlying the development of AI for RTS games, while minimizing the amount of engineering required to participate. Also, a key difference with respect to the StarCraft competition is that the AIs have access to a \u201cforward model\u201d (i.e., a simulator), with which they can simulate the effect of actions or plans, thus allowing for planning and game-tree search techniques to be developed easily.<\/p>\n<p><strong>Competition Webpage: <a href=\"https:\/\/sites.google.com\/site\/micrortsaicompetition\/home\">https:\/\/sites.google.com\/site\/micrortsaicompetition\/home<\/a><br \/>\nVideos:\u00a0<\/strong><\/p>\n<ul>\n<li style=\"list-style-type: none;\">\n<ul>\n<li>microRTS setup:<\/li>\n<\/ul>\n<\/li>\n<\/ul>\n<p><iframe loading=\"lazy\" src=\"https:\/\/www.youtube.com\/embed\/_jVOMNqw3Qs\" width=\"1265\" height=\"800\" frameborder=\"0\" allowfullscreen=\"allowfullscreen\"><\/iframe><\/p>\n<ul>\n<li style=\"list-style-type: none;\">\n<ul>\n<li>Creating a bot:<\/li>\n<\/ul>\n<\/li>\n<\/ul>\n<p><iframe loading=\"lazy\" src=\"https:\/\/www.youtube.com\/embed\/BikqC5gZWhU\" width=\"1265\" height=\"800\" frameborder=\"0\" allowfullscreen=\"allowfullscreen\"><\/iframe><\/p>\n<\/div>\n<hr \/>\n<div id=\"hanabi\">\n<p><strong>Hanabi Competition<\/strong><\/p>\n<p><strong>Organizers:<\/strong><\/p>\n<ul>\n<li>Joseph Walton-Rivers (University of Essex, UK; jwalto@essex.ac.uk)<\/li>\n<\/ul>\n<p><strong>Description:<\/strong> Write an agent capable of playing the cooperative partially observable card game Hanabi. Agents are written in Java and submitted via our online submission system. In Hanabi, agents cannot see their own cards but can see the other agent&#8217;s cards. On their turn, agents can either choose to play a card from their hard, discard a card from their hand or spend an information token to tell another player about a feature (rank or suit) of the cards they have. The players must try to play cards for each suit in rank order. If the group makes 3 errors when executing play actions the game is over. Agents will be paired with either copies of their own agent or a set of unknown agents. The winner is the agent that achieves the highest score over a set of unknown deck orderings.<\/p>\n<p><strong>Tracks: Two tracks:<br \/>\nMixed-track: Agents will play with a set of unknown agents.<br \/>\nMirror-track: Agents will play with copies of the submitted agent.<br \/>\nCompetition Webpage: hanabi.aiclash.com<br \/>\nSubmission Server: <a href=\"https:\/\/comp.fossgalaxy.com\/competitions\/t\/11\">https:\/\/comp.fossgalaxy.com\/competitions\/t\/11<\/a><br \/>\n<\/strong><\/p>\n<p><iframe loading=\"lazy\" src=\"https:\/\/www.youtube.com\/embed\/y-If6ouseOQ\" width=\"1265\" height=\"800\" frameborder=\"0\" allowfullscreen=\"allowfullscreen\"><\/iframe><\/p>\n<\/div>\n<hr \/>\n<div id=\"starcraft\">\n<p><strong>StarCraft AI Competition<\/strong><\/p>\n<p><strong>Organizers:<\/strong><\/p>\n<ul>\n<li>Kyung-Joong Kim (Sejong University, Republic of Korea; kimkj@sejong.ac.kr),<\/li>\n<li>Seonghun Yoon (Sejong University, Republic of Korea; kiboyz2@naver.com)<\/li>\n<\/ul>\n<p><strong>Description:<\/strong> IEEE CIG StarCraft competitions have seen quite some progress in the development and evolution of new StarCraft bots. For the evolution of the bots, participants used various approaches for making AI bots and it has fertilized game AI and methods such as HMM, Bayesian model, CBR, Potential fields, and reinforcement learning. However, it is still quite challenging to develop AI for the game because it should handle a number of units and buildings while considering resource management and high-level tactics. The purpose of this competition is developing RTS game AI and solving challenging issues on RTS game AI such as uncertainty, real-time process, managing units. Participants are submitting the bots using BWAPI to play 1v1 StarCraft matches.<\/p>\n<p><strong>Competition Webpage:<a href=\"http:\/\/cilab.sejong.ac.kr\/sc_competition2018\"> http:\/\/cilab.sejong.ac.kr\/sc_competition2018<\/a><br \/>\n<\/strong><\/p>\n<p><iframe loading=\"lazy\" src=\"https:\/\/www.youtube.com\/embed\/DiWMS4K3qJ8\" width=\"1265\" height=\"800\" frameborder=\"0\" allowfullscreen=\"allowfullscreen\"><\/iframe><\/p>\n<\/div>\n<div id=\"gvgai\">\n<hr \/>\n<p><strong>The General Video Game AI Competition &#8211; Learning Track<\/strong><\/p>\n<p><strong>Organizers:<\/strong><\/p>\n<ul>\n<li>Jialin Liu (<a href=\"mailto:liujl@sustc.edu.cn\" target=\"_blank\" rel=\"noopener\">liujl@sustc.edu.cn<\/a>), Southern University of Science and Technology, China; Queen Mary University of London, UK<\/li>\n<li>Ruben Rodriguez Torrado (<a href=\"mailto:rrt264@nyu.edu\" target=\"_blank\" rel=\"noopener\">rrt264@nyu.edu<\/a>),\u00a0New York University, US<\/li>\n<li>Philip Bontrager (<a href=\"mailto:pjb411@nyu.edu\" target=\"_blank\" rel=\"noopener\">pjb411@nyu.edu<\/a>),\u00a0New York University, US<\/li>\n<li>Julian Togelius (<a href=\"mailto:julian@togelius.com\" target=\"_blank\" rel=\"noopener\">julian@togelius.com<\/a>), New York University, US<\/li>\n<li>Diego Perez-Liebana (<a href=\"mailto:diego.perez@qmul.ac.uk\" target=\"_blank\" rel=\"noopener\">diego.perez@qmul.ac.uk<\/a>), Queen Mary University of London, UK; and<\/li>\n<li>Simon M. Lucas (<a href=\"mailto:simon.lucas@qmul.ac.uk\" target=\"_blank\" rel=\"noopener\">simon.lucas@qmul.ac.uk<\/a>), Queen Mary University of London, UK<\/li>\n<\/ul>\n<p><strong>Description:\u00a0<\/strong>The GVG-AI Competition explores the problem of creating controllers for general video game playing. How would you create a single agent that is able to play any game it is given? Could you program an agent that is able to play a wide variety of games, without knowing which games are to be played and without a forward model? Participants are also encouraged to submit papers about this competition to the main conference.<\/p>\n<p><strong>Competition Webpage:<\/strong> www.gvgai.net<\/p>\n<p><iframe loading=\"lazy\" src=\"https:\/\/www.youtube.com\/embed\/O84KgRt6AJI\" width=\"1265\" height=\"800\" frameborder=\"0\" allowfullscreen=\"allowfullscreen\"><\/iframe><\/p>\n<div id=\"angrybirds\">\n<hr \/>\n<div id=\"angrybirds\">\n<p><strong>3rd Angry Birds Level Generation <\/strong><strong>Competition<\/strong><\/p>\n<p><strong>Organizers:<\/strong><\/p>\n<ul>\n<li>Matthew Stephenson (Australian National University; matthew.stephenson@anu.edu.au),<\/li>\n<li>Jochen Renz (Australian National University, jochen.renz@gmail.com),<\/li>\n<li>Lucas Ferreira (UC Santa Cruz, lucasnfe@gmail.com)<\/li>\n<li>and Julian Togelius (New York University, US; julian@togelius.com)<\/li>\n<\/ul>\n<p><strong>Description:<\/strong> This year we will run our third Angry Birds Level Generation Competition. The goal of this competition is to build computer programs that can automatically create fun and challenging Angry Birds levels. The difficulty of this competition compared to similar competitions is that the generated levels must be stable under gravity, robust in the sense that a single action should not destroy large parts of the generated structure, and most importantly, the levels should be fun to play and challenging, that is, difficult but solvable. Participants will be able to ensure solvability and difficulty of their levels by using open source Angry Birds AI agents that were developed for the Angry Birds AI competition. This competition will evaluate each level generator based on the overall fun or enjoyment factor of the levels it creates. Aside from the main prize for \u201cmost enjoyable levels\u201d, two additional prizes for \u201cmost creative levels\u201d and \u201cmost challenging levels\u201d will also be awarded. This evaluation will be done by an impartial panel of judges. restrictions will be placed on what objects can be used in the generated levels (in order to prevent pre-generation of levels). We will generate 100 levels for each submitted generator and randomly select a fraction of those for the competition. There will be a penalty if levels are too similar. Each entrant will be evaluated for all prizes. More details on the competition rules and can be found on the competition website aibirds.org. The competition will be based on the physics game implementation &#8220;Science Birds&#8221; by Lucas Ferreira using Unity3D.<\/p>\n<p><strong>Competition Webpage: <a href=\"https:\/\/aibirds.org\">https:\/\/aibirds.org<\/a>\u00a0(last year: <a href=\"https:\/\/aibirds.org\/other-events\/level-generation-competition.html\">https:\/\/aibirds.org\/other-events\/level-generation-competition.html<\/a>)<br \/>\n<\/strong><\/p>\n<p><iframe loading=\"lazy\" src=\"https:\/\/www.youtube.com\/embed\/Aul6F9cia7M\" width=\"1265\" height=\"800\" frameborder=\"0\" allowfullscreen=\"allowfullscreen\"><\/iframe><\/p>\n<\/div>\n<hr \/>\n<div id=\"textbased\">\n<p><strong>The Text-Based Adventure AI Competition<\/strong><\/p>\n<p><strong>Organizers:<\/strong><\/p>\n<ul>\n<li>Timothy Atkinson (University of York, UK; tja511@york.ac.uk),<\/li>\n<li>Hendrik Baier (University of York, UK; hendrik.baier@york.ac.uk),<\/li>\n<li>Jerry Swan (University of York, UK; jerry.swan@york.ac.uk)<\/li>\n<\/ul>\n<p><strong>Description:<\/strong> Before the widespread availability of graphics displays, text-based games such as Colossal Cave Adventure and Zork were popular in the adventure and role-playing gaming community. Due to the richness of natural language text, such games with text-only interfaces offer a useful testbed for AI research. Building a fully autonomous agent for an arbitrary text adventure game is AI complete. However, we test on a variety of different games with graded numerical scores, allowing competitors to gradually increase the sophistication of their approach to handle increasingly complex challenges. We believe that our competition can foster research into fields such as natural language processing and automatic model acquisition, as well as shed light on the relative merits of model-based and model-free approaches Entrants will submit agents to play games for the classic text adventuring engine, the Z-Machine. The competition will be scored according to two independent criteria:<\/p>\n<p>C1: Score on an unseen game instance (objective, built-in to the instance)<br \/>\nC2: Freedom from a priori bias (subjective decision by the judges)<br \/>\nC1 is the dominant criterion, with C2 deciding in the event of a tie. C2 is intended to favour agents that have no (or less) knowledge of the problem domain built in.<\/p>\n<p><strong>Competition Webpage:<\/strong><a href=\"http:\/\/atkrye.github.io\/IEEE-CIG-Text-Adventurer-Competition\/\">http:\/\/atkrye.github.io\/IEEE-CIG-Text-Adventurer-Competition\/<\/a><\/p>\n<p><iframe loading=\"lazy\" src=\"https:\/\/www.youtube.com\/embed\/O1lVGWIPYQc\" width=\"1265\" height=\"800\" frameborder=\"0\" allowfullscreen=\"allowfullscreen\"><\/iframe><\/p>\n<\/div>\n<hr \/>\n<div id=\"doom\">\n<p><strong>Visual Doom AI Competition<\/strong><\/p>\n<p><strong>Organizers:<\/strong><\/p>\n<ul>\n<li>Marek Wydmuch (Poznan Univ. of Technology, Poland; marek@wydmuch.poznan.pl),<\/li>\n<li>Micha\u0142 Kempka (Poznan Univ. of Technology, Poland; kempka.michal@gmail.com), and<\/li>\n<li>Wojciech Ja\u015bkowski (NNAISENSE, Switzerland)<\/li>\n<li>Sharada P. Mohanty (\u00c9cole polytechnique f\u00e9d\u00e9rale de Lausanne, Switzerland)<\/li>\n<\/ul>\n<p><strong>Description:<\/strong> The participants of the Visual Doom AI competition are supposed to prepare a controller that plays Doom from pixels. Our ViZDoom framework gives a real-time access to the screen buffer as the only information the agent can base its decision on. The winner of the competition will be determined by a multiplayer deathmatch tournament. Although the participants are allowed to use any technique to develop a controller, the design and efficiency of ViZDoom allows and encourages to use machine learning methods such as reinforcement deep learning.<\/p>\n<p><strong>Tracks:<\/strong><\/p>\n<ul>\n<li>Track 1:\u00a0<a href=\"https:\/\/www.crowdai.org\/challenges\/visual-doom-ai-competition-2018-track-1\">https:\/\/www.crowdai.org\/challenges\/visual-doom-ai-competition-2018-track-1<\/a><\/li>\n<li>Track 2:\u00a0<a href=\"https:\/\/www.crowdai.org\/challenges\/visual-doom-ai-competition-2018-track-2\">https:\/\/www.crowdai.org\/challenges\/visual-doom-ai-competition-2018-track-2<\/a><\/li>\n<\/ul>\n<p><strong>Competition Webpage:<\/strong> <a href=\"http:\/\/vizdoom.cs.put.edu.pl\/\">http:\/\/vizdoom.cs.put.edu.pl\/<\/a><\/p>\n<p><iframe loading=\"lazy\" src=\"https:\/\/www.youtube.com\/embed\/LsBusuCAJTI\" width=\"1265\" height=\"800\" frameborder=\"0\" allowfullscreen=\"allowfullscreen\"><\/iframe><\/p>\n<\/div>\n<\/div>\n<\/div>\n","protected":false},"excerpt":{"rendered":"<p>The following competitions are being held at CIG 2018: Short Video Competition Hearthstone AI The Ms. Pac-Man Vs Ghost Team Competition Fighting Game AI Competition microRTS Competition Hanabi Competition StarCraft AI Competition The General Video Game AI Competition \u2013 Learning Track 3rd Angry Birds Level Generation Competition The Text-Based Adventure AI Competition Visual Doom AI [&hellip;]<\/p>\n","protected":false},"author":2,"featured_media":0,"parent":0,"menu_order":0,"comment_status":"closed","ping_status":"closed","template":"","meta":{"footnotes":""},"class_list":["post-255","page","type-page","status-publish","hentry"],"_links":{"self":[{"href":"https:\/\/project.dke.maastrichtuniversity.nl\/cig2018\/wp-json\/wp\/v2\/pages\/255","targetHints":{"allow":["GET"]}}],"collection":[{"href":"https:\/\/project.dke.maastrichtuniversity.nl\/cig2018\/wp-json\/wp\/v2\/pages"}],"about":[{"href":"https:\/\/project.dke.maastrichtuniversity.nl\/cig2018\/wp-json\/wp\/v2\/types\/page"}],"author":[{"embeddable":true,"href":"https:\/\/project.dke.maastrichtuniversity.nl\/cig2018\/wp-json\/wp\/v2\/users\/2"}],"replies":[{"embeddable":true,"href":"https:\/\/project.dke.maastrichtuniversity.nl\/cig2018\/wp-json\/wp\/v2\/comments?post=255"}],"version-history":[{"count":48,"href":"https:\/\/project.dke.maastrichtuniversity.nl\/cig2018\/wp-json\/wp\/v2\/pages\/255\/revisions"}],"predecessor-version":[{"id":657,"href":"https:\/\/project.dke.maastrichtuniversity.nl\/cig2018\/wp-json\/wp\/v2\/pages\/255\/revisions\/657"}],"wp:attachment":[{"href":"https:\/\/project.dke.maastrichtuniversity.nl\/cig2018\/wp-json\/wp\/v2\/media?parent=255"}],"curies":[{"name":"wp","href":"https:\/\/api.w.org\/{rel}","templated":true}]}}